{"id":2,"date":"2025-08-29T21:52:30","date_gmt":"2025-08-29T19:52:30","guid":{"rendered":"https:\/\/irem-caen-mn.fr\/jumelage\/public_html\/?page_id=2"},"modified":"2026-02-19T16:47:11","modified_gmt":"2026-02-19T15:47:11","slug":"page-d-exemple","status":"publish","type":"page","link":"https:\/\/jumelage-cesny-clovelly.eu\/index.php\/page-d-exemple\/","title":{"rendered":"Comit\u00e9 de Jum\u00e9lage de Cesny-Les-Sources"},"content":{"rendered":"\n<p>\ud83c\uddeb\ud83c\uddf7\ud83e\udd1d\ud83c\uddec\ud83c\udde7 Comit\u00e9 de Jumelage<\/p>\n\n\n\n<h1 class=\"wp-block-heading\">Cesny\u2011les\u2011Sources \u2013 Clovelly<\/h1>\n\n\n\n<h3 class=\"wp-block-heading\">\ud83c\udf0d Une amiti\u00e9 franco\u2011britannique depuis 1979<\/h3>\n\n\n\n<p>Cr\u00e9\u00e9 le <strong>2 f\u00e9vrier 1979<\/strong>, le Comit\u00e9 de Jumelage Cesny\u2011les\u2011Sources \u2013 Clovelly \u0153uvre depuis plus de 45 ans au rapprochement entre les habitants de notre commune et ceux de <strong>Clovelly<\/strong>, village embl\u00e9matique du Devon, en Angleterre.<\/p>\n\n\n\n<p>\u00c0 travers des \u00e9changes r\u00e9guliers, des rencontres conviviales et des \u00e9v\u00e9nements culturels, le comit\u00e9 fait vivre une amiti\u00e9 durable fond\u00e9e sur le partage, la d\u00e9couverte et l\u2019ouverture europ\u00e9enne.<\/p>\n\n\n\n<hr class=\"wp-block-separator has-alpha-channel-opacity\"\/>\n\n\n\n<h2 class=\"wp-block-heading\">\ud83c\udfaf Nos objectifs<\/h2>\n\n\n\n<p>Le comit\u00e9 a pour mission de :<\/p>\n\n\n\n<ul class=\"wp-block-list\">\n<li>\ud83e\udd1d Favoriser les \u00e9changes entre les familles fran\u00e7aises et anglaises<\/li>\n\n\n\n<li>\ud83c\udf93 Encourager les rencontres interg\u00e9n\u00e9rationnelles et scolaires<\/li>\n\n\n\n<li>\ud83c\udf89 Organiser des manifestations culturelles et festives<\/li>\n\n\n\n<li>\u2708\ufe0f Proposer des voyages et s\u00e9jours d\u00e9couverte<\/li>\n\n\n\n<li>\ud83c\uddea\ud83c\uddfa Renforcer les liens d\u2019amiti\u00e9 et la coop\u00e9ration entre nos deux communes<\/li>\n<\/ul>\n\n\n\n<hr class=\"wp-block-separator has-alpha-channel-opacity\"\/>\n\n\n\n<h2 class=\"wp-block-heading\">\ud83c\udfe1 Le jumelage en quelques mots<\/h2>\n\n\n\n<p>Le jumelage entre <strong>Cesny\u2011les\u2011Sources (anciennement Cesny\u2011Bois\u2011Halbout)<\/strong> et <strong>Clovelly<\/strong> est un engagement fort de notre commune.<\/p>\n\n\n\n<p>Il permet aux habitants de vivre une exp\u00e9rience humaine enrichissante, de d\u00e9couvrir une autre culture et de tisser des liens durables au\u2011del\u00e0 des fronti\u00e8res.<\/p>\n\n\n\n<p><\/p>\n","protected":false},"excerpt":{"rendered":"<p>\ud83c\uddeb\ud83c\uddf7\ud83e\udd1d\ud83c\uddec\ud83c\udde7 Comit\u00e9 de Jumelage Cesny\u2011les\u2011Sources \u2013 Clovelly \ud83c\udf0d Une amiti\u00e9 franco\u2011britannique depuis 1979 Cr\u00e9\u00e9 le 2 f\u00e9vrier 1979, le Comit\u00e9 de Jumelage Cesny\u2011les\u2011Sources \u2013 Clovelly \u0153uvre depuis plus de 45 ans au rapprochement entre les habitants de notre commune et ceux de Clovelly, village embl\u00e9matique du Devon, en Angleterre. \u00c0 travers des \u00e9changes r\u00e9guliers, des [&hellip;]<\/p>\n","protected":false},"author":1,"featured_media":0,"parent":0,"menu_order":0,"comment_status":"closed","ping_status":"open","template":"","meta":{"footnotes":""},"class_list":["post-2","page","type-page","status-publish","hentry","post"],"_links":{"self":[{"href":"https:\/\/jumelage-cesny-clovelly.eu\/index.php\/wp-json\/wp\/v2\/pages\/2","targetHints":{"allow":["GET"]}}],"collection":[{"href":"https:\/\/jumelage-cesny-clovelly.eu\/index.php\/wp-json\/wp\/v2\/pages"}],"about":[{"href":"https:\/\/jumelage-cesny-clovelly.eu\/index.php\/wp-json\/wp\/v2\/types\/page"}],"author":[{"embeddable":true,"href":"https:\/\/jumelage-cesny-clovelly.eu\/index.php\/wp-json\/wp\/v2\/users\/1"}],"replies":[{"embeddable":true,"href":"https:\/\/jumelage-cesny-clovelly.eu\/index.php\/wp-json\/wp\/v2\/comments?post=2"}],"version-history":[{"count":2,"href":"https:\/\/jumelage-cesny-clovelly.eu\/index.php\/wp-json\/wp\/v2\/pages\/2\/revisions"}],"predecessor-version":[{"id":13,"href":"https:\/\/jumelage-cesny-clovelly.eu\/index.php\/wp-json\/wp\/v2\/pages\/2\/revisions\/13"}],"wp:attachment":[{"href":"https:\/\/jumelage-cesny-clovelly.eu\/index.php\/wp-json\/wp\/v2\/media?parent=2"}],"curies":[{"name":"wp","href":"https:\/\/api.w.org\/{rel}","templated":true}]}}